{"id":5462,"date":"2025-03-24T06:01:58","date_gmt":"2025-03-24T06:01:58","guid":{"rendered":"https:\/\/www.ledercenter.si\/?page_id=5462"},"modified":"2025-03-24T06:01:58","modified_gmt":"2025-03-24T06:01:58","slug":"storitve","status":"publish","type":"page","link":"https:\/\/ledercenter.si\/hr\/storitve\/","title":{"rendered":"Usluge"},"content":{"rendered":"","protected":false},"excerpt":{"rendered":"","protected":false},"author":3,"featured_media":0,"parent":0,"menu_order":0,"comment_status":"closed","ping_status":"closed","template":"","meta":{"_acf_changed":false,"inline_featured_image":false,"_bst_post_transparent":"default","_bst_post_title":"default","_bst_post_layout":"default","_bst_post_sidebar_id":"","_bst_post_content_style":"default","_bst_post_vertical_padding":"default","_bst_post_feature":"","_bst_post_feature_position":"","_bst_post_header":false,"_bst_post_footer":false,"footnotes":""},"class_list":["post-5462","page","type-page","status-publish","hentry"],"acf":[],"yoast_head":"<!-- This site is optimized with the Yoast SEO plugin v27.4 - https:\/\/yoast.com\/product\/yoast-seo-wordpress\/ -->\n<title>Storitve - Ledercenter Slovenia<\/title>\n<meta name=\"robots\" content=\"index, follow, max-snippet:-1, max-image-preview:large, max-video-preview:-1\" \/>\n<link rel=\"canonical\" href=\"https:\/\/ledercenter.si\/hr\/storitve\/\" \/>\n<meta property=\"og:locale\" content=\"hr_HR\" \/>\n<meta property=\"og:type\" content=\"article\" \/>\n<meta property=\"og:title\" content=\"Storitve - Ledercenter Slovenia\" \/>\n<meta property=\"og:url\" content=\"https:\/\/ledercenter.si\/hr\/storitve\/\" \/>\n<meta property=\"og:site_name\" content=\"Ledercenter Slovenia\" \/>\n<meta name=\"twitter:card\" content=\"summary_large_image\" \/>\n<script type=\"application\/ld+json\" class=\"yoast-schema-graph\">{\"@context\":\"https:\\\/\\\/schema.org\",\"@graph\":[{\"@type\":\"WebPage\",\"@id\":\"https:\\\/\\\/ledercenter.si\\\/storitve\\\/\",\"url\":\"https:\\\/\\\/ledercenter.si\\\/storitve\\\/\",\"name\":\"Storitve - Ledercenter Slovenia\",\"isPartOf\":{\"@id\":\"https:\\\/\\\/ledercenter.si\\\/hr\\\/#website\"},\"datePublished\":\"2025-03-24T06:01:58+00:00\",\"breadcrumb\":{\"@id\":\"https:\\\/\\\/ledercenter.si\\\/storitve\\\/#breadcrumb\"},\"inLanguage\":\"hr\",\"potentialAction\":[{\"@type\":\"ReadAction\",\"target\":[\"https:\\\/\\\/ledercenter.si\\\/storitve\\\/\"]}]},{\"@type\":\"BreadcrumbList\",\"@id\":\"https:\\\/\\\/ledercenter.si\\\/storitve\\\/#breadcrumb\",\"itemListElement\":[{\"@type\":\"ListItem\",\"position\":1,\"name\":\"Home\",\"item\":\"https:\\\/\\\/ledercenter.si\\\/hr\\\/\"},{\"@type\":\"ListItem\",\"position\":2,\"name\":\"Storitve\"}]},{\"@type\":\"WebSite\",\"@id\":\"https:\\\/\\\/ledercenter.si\\\/hr\\\/#website\",\"url\":\"https:\\\/\\\/ledercenter.si\\\/hr\\\/\",\"name\":\"Ledercenter Slovenia\",\"description\":\"Strokovna nega in za\u0161\u010dita usnja za dolgotrajno brezhibnost in \u017eivljenjsko dobo usnja\",\"publisher\":{\"@id\":\"https:\\\/\\\/ledercenter.si\\\/hr\\\/#organization\"},\"potentialAction\":[{\"@type\":\"SearchAction\",\"target\":{\"@type\":\"EntryPoint\",\"urlTemplate\":\"https:\\\/\\\/ledercenter.si\\\/hr\\\/?s={search_term_string}\"},\"query-input\":{\"@type\":\"PropertyValueSpecification\",\"valueRequired\":true,\"valueName\":\"search_term_string\"}}],\"inLanguage\":\"hr\"},{\"@type\":\"Organization\",\"@id\":\"https:\\\/\\\/ledercenter.si\\\/hr\\\/#organization\",\"name\":\"Ledercenter Slovenia\",\"url\":\"https:\\\/\\\/ledercenter.si\\\/hr\\\/\",\"logo\":{\"@type\":\"ImageObject\",\"inLanguage\":\"hr\",\"@id\":\"https:\\\/\\\/ledercenter.si\\\/hr\\\/#\\\/schema\\\/logo\\\/image\\\/\",\"url\":\"https:\\\/\\\/ledercenter.si\\\/wp-content\\\/uploads\\\/2025\\\/08\\\/logo-pmv-2.svg\",\"contentUrl\":\"https:\\\/\\\/ledercenter.si\\\/wp-content\\\/uploads\\\/2025\\\/08\\\/logo-pmv-2.svg\",\"width\":100,\"height\":100,\"caption\":\"Ledercenter Slovenia\"},\"image\":{\"@id\":\"https:\\\/\\\/ledercenter.si\\\/hr\\\/#\\\/schema\\\/logo\\\/image\\\/\"}}]}<\/script>\n<!-- \/ Yoast SEO plugin. -->","yoast_head_json":{"title":"Storitve - Ledercenter Slovenia","robots":{"index":"index","follow":"follow","max-snippet":"max-snippet:-1","max-image-preview":"max-image-preview:large","max-video-preview":"max-video-preview:-1"},"canonical":"https:\/\/ledercenter.si\/hr\/storitve\/","og_locale":"hr_HR","og_type":"article","og_title":"Storitve - Ledercenter Slovenia","og_url":"https:\/\/ledercenter.si\/hr\/storitve\/","og_site_name":"Ledercenter Slovenia","twitter_card":"summary_large_image","schema":{"@context":"https:\/\/schema.org","@graph":[{"@type":"WebPage","@id":"https:\/\/ledercenter.si\/storitve\/","url":"https:\/\/ledercenter.si\/storitve\/","name":"Storitve - Ledercenter Slovenia","isPartOf":{"@id":"https:\/\/ledercenter.si\/hr\/#website"},"datePublished":"2025-03-24T06:01:58+00:00","breadcrumb":{"@id":"https:\/\/ledercenter.si\/storitve\/#breadcrumb"},"inLanguage":"hr","potentialAction":[{"@type":"ReadAction","target":["https:\/\/ledercenter.si\/storitve\/"]}]},{"@type":"BreadcrumbList","@id":"https:\/\/ledercenter.si\/storitve\/#breadcrumb","itemListElement":[{"@type":"ListItem","position":1,"name":"Home","item":"https:\/\/ledercenter.si\/hr\/"},{"@type":"ListItem","position":2,"name":"Storitve"}]},{"@type":"WebSite","@id":"https:\/\/ledercenter.si\/hr\/#website","url":"https:\/\/ledercenter.si\/hr\/","name":"Centar za ko\u017eu Slovenija","description":"Strokovna nega in za\u0161\u010dita usnja za dolgotrajno brezhibnost in \u017eivljenjsko dobo usnja","publisher":{"@id":"https:\/\/ledercenter.si\/hr\/#organization"},"potentialAction":[{"@type":"SearchAction","target":{"@type":"EntryPoint","urlTemplate":"https:\/\/ledercenter.si\/hr\/?s={search_term_string}"},"query-input":{"@type":"PropertyValueSpecification","valueRequired":true,"valueName":"search_term_string"}}],"inLanguage":"hr"},{"@type":"Organization","@id":"https:\/\/ledercenter.si\/hr\/#organization","name":"Centar za ko\u017eu Slovenija","url":"https:\/\/ledercenter.si\/hr\/","logo":{"@type":"ImageObject","inLanguage":"hr","@id":"https:\/\/ledercenter.si\/hr\/#\/schema\/logo\/image\/","url":"https:\/\/ledercenter.si\/wp-content\/uploads\/2025\/08\/logo-pmv-2.svg","contentUrl":"https:\/\/ledercenter.si\/wp-content\/uploads\/2025\/08\/logo-pmv-2.svg","width":100,"height":100,"caption":"Ledercenter Slovenia"},"image":{"@id":"https:\/\/ledercenter.si\/hr\/#\/schema\/logo\/image\/"}}]}},"_links":{"self":[{"href":"https:\/\/ledercenter.si\/hr\/wp-json\/wp\/v2\/pages\/5462","targetHints":{"allow":["GET"]}}],"collection":[{"href":"https:\/\/ledercenter.si\/hr\/wp-json\/wp\/v2\/pages"}],"about":[{"href":"https:\/\/ledercenter.si\/hr\/wp-json\/wp\/v2\/types\/page"}],"author":[{"embeddable":true,"href":"https:\/\/ledercenter.si\/hr\/wp-json\/wp\/v2\/users\/3"}],"replies":[{"embeddable":true,"href":"https:\/\/ledercenter.si\/hr\/wp-json\/wp\/v2\/comments?post=5462"}],"version-history":[{"count":1,"href":"https:\/\/ledercenter.si\/hr\/wp-json\/wp\/v2\/pages\/5462\/revisions"}],"predecessor-version":[{"id":5463,"href":"https:\/\/ledercenter.si\/hr\/wp-json\/wp\/v2\/pages\/5462\/revisions\/5463"}],"wp:attachment":[{"href":"https:\/\/ledercenter.si\/hr\/wp-json\/wp\/v2\/media?parent=5462"}],"curies":[{"name":"wp","href":"https:\/\/api.w.org\/{rel}","templated":true}]}}