{"id":3890,"date":"2021-05-17T05:52:39","date_gmt":"2021-05-17T05:52:39","guid":{"rendered":"https:\/\/www.ledercenter.si\/?page_id=3890"},"modified":"2025-03-24T07:56:37","modified_gmt":"2025-03-24T07:56:37","slug":"notranja-nega-vozil","status":"publish","type":"page","link":"https:\/\/ledercenter.si\/hr\/storitve\/notranja-nega-vozil\/","title":{"rendered":"Notranja nega vozil"},"content":{"rendered":"","protected":false},"excerpt":{"rendered":"","protected":false},"author":2,"featured_media":3697,"parent":5462,"menu_order":0,"comment_status":"closed","ping_status":"closed","template":"","meta":{"_acf_changed":false,"inline_featured_image":false,"_bst_post_transparent":"default","_bst_post_title":"hide","_bst_post_layout":"fullwidth","_bst_post_sidebar_id":"","_bst_post_content_style":"unboxed","_bst_post_vertical_padding":"hide","_bst_post_feature":"hide","_bst_post_feature_position":"","_bst_post_header":false,"_bst_post_footer":false,"footnotes":""},"class_list":["post-3890","page","type-page","status-publish","has-post-thumbnail","hentry"],"acf":[],"yoast_head":"<!-- This site is optimized with the Yoast SEO plugin v27.4 - https:\/\/yoast.com\/product\/yoast-seo-wordpress\/ -->\n<title>Notranja nega vozil - Ledercenter Slovenia<\/title>\n<meta name=\"robots\" content=\"index, follow, max-snippet:-1, max-image-preview:large, max-video-preview:-1\" \/>\n<link rel=\"canonical\" href=\"https:\/\/ledercenter.si\/hr\/storitve\/notranja-nega-vozil\/\" \/>\n<meta property=\"og:locale\" content=\"hr_HR\" \/>\n<meta property=\"og:type\" content=\"article\" \/>\n<meta property=\"og:title\" content=\"Notranja nega vozil - Ledercenter Slovenia\" \/>\n<meta property=\"og:url\" content=\"https:\/\/ledercenter.si\/hr\/storitve\/notranja-nega-vozil\/\" \/>\n<meta property=\"og:site_name\" content=\"Ledercenter Slovenia\" \/>\n<meta property=\"article:modified_time\" content=\"2025-03-24T07:56:37+00:00\" \/>\n<meta property=\"og:image\" content=\"https:\/\/ledercenter.si\/wp-content\/uploads\/2021\/02\/notranje-ciscenje.jpg\" \/>\n\t<meta property=\"og:image:width\" content=\"1920\" \/>\n\t<meta property=\"og:image:height\" content=\"1280\" \/>\n\t<meta property=\"og:image:type\" content=\"image\/jpeg\" \/>\n<meta name=\"twitter:card\" content=\"summary_large_image\" \/>\n<script type=\"application\/ld+json\" class=\"yoast-schema-graph\">{\"@context\":\"https:\\\/\\\/schema.org\",\"@graph\":[{\"@type\":\"WebPage\",\"@id\":\"https:\\\/\\\/ledercenter.si\\\/storitve\\\/notranja-nega-vozil\\\/\",\"url\":\"https:\\\/\\\/ledercenter.si\\\/storitve\\\/notranja-nega-vozil\\\/\",\"name\":\"Notranja nega vozil - Ledercenter Slovenia\",\"isPartOf\":{\"@id\":\"https:\\\/\\\/ledercenter.si\\\/hr\\\/#website\"},\"primaryImageOfPage\":{\"@id\":\"https:\\\/\\\/ledercenter.si\\\/storitve\\\/notranja-nega-vozil\\\/#primaryimage\"},\"image\":{\"@id\":\"https:\\\/\\\/ledercenter.si\\\/storitve\\\/notranja-nega-vozil\\\/#primaryimage\"},\"thumbnailUrl\":\"https:\\\/\\\/ledercenter.si\\\/wp-content\\\/uploads\\\/2021\\\/02\\\/notranje-ciscenje.jpg\",\"datePublished\":\"2021-05-17T05:52:39+00:00\",\"dateModified\":\"2025-03-24T07:56:37+00:00\",\"breadcrumb\":{\"@id\":\"https:\\\/\\\/ledercenter.si\\\/storitve\\\/notranja-nega-vozil\\\/#breadcrumb\"},\"inLanguage\":\"hr\",\"potentialAction\":[{\"@type\":\"ReadAction\",\"target\":[\"https:\\\/\\\/ledercenter.si\\\/storitve\\\/notranja-nega-vozil\\\/\"]}]},{\"@type\":\"ImageObject\",\"inLanguage\":\"hr\",\"@id\":\"https:\\\/\\\/ledercenter.si\\\/storitve\\\/notranja-nega-vozil\\\/#primaryimage\",\"url\":\"https:\\\/\\\/ledercenter.si\\\/wp-content\\\/uploads\\\/2021\\\/02\\\/notranje-ciscenje.jpg\",\"contentUrl\":\"https:\\\/\\\/ledercenter.si\\\/wp-content\\\/uploads\\\/2021\\\/02\\\/notranje-ciscenje.jpg\",\"width\":1920,\"height\":1280},{\"@type\":\"BreadcrumbList\",\"@id\":\"https:\\\/\\\/ledercenter.si\\\/storitve\\\/notranja-nega-vozil\\\/#breadcrumb\",\"itemListElement\":[{\"@type\":\"ListItem\",\"position\":1,\"name\":\"Home\",\"item\":\"https:\\\/\\\/ledercenter.si\\\/hr\\\/\"},{\"@type\":\"ListItem\",\"position\":2,\"name\":\"Storitve\",\"item\":\"https:\\\/\\\/ledercenter.si\\\/storitve\\\/\"},{\"@type\":\"ListItem\",\"position\":3,\"name\":\"Notranja nega vozil\"}]},{\"@type\":\"WebSite\",\"@id\":\"https:\\\/\\\/ledercenter.si\\\/hr\\\/#website\",\"url\":\"https:\\\/\\\/ledercenter.si\\\/hr\\\/\",\"name\":\"Ledercenter Slovenia\",\"description\":\"Strokovna nega in za\u0161\u010dita usnja za dolgotrajno brezhibnost in \u017eivljenjsko dobo usnja\",\"publisher\":{\"@id\":\"https:\\\/\\\/ledercenter.si\\\/hr\\\/#organization\"},\"potentialAction\":[{\"@type\":\"SearchAction\",\"target\":{\"@type\":\"EntryPoint\",\"urlTemplate\":\"https:\\\/\\\/ledercenter.si\\\/hr\\\/?s={search_term_string}\"},\"query-input\":{\"@type\":\"PropertyValueSpecification\",\"valueRequired\":true,\"valueName\":\"search_term_string\"}}],\"inLanguage\":\"hr\"},{\"@type\":\"Organization\",\"@id\":\"https:\\\/\\\/ledercenter.si\\\/hr\\\/#organization\",\"name\":\"Ledercenter Slovenia\",\"url\":\"https:\\\/\\\/ledercenter.si\\\/hr\\\/\",\"logo\":{\"@type\":\"ImageObject\",\"inLanguage\":\"hr\",\"@id\":\"https:\\\/\\\/ledercenter.si\\\/hr\\\/#\\\/schema\\\/logo\\\/image\\\/\",\"url\":\"https:\\\/\\\/ledercenter.si\\\/wp-content\\\/uploads\\\/2025\\\/08\\\/logo-pmv-2.svg\",\"contentUrl\":\"https:\\\/\\\/ledercenter.si\\\/wp-content\\\/uploads\\\/2025\\\/08\\\/logo-pmv-2.svg\",\"width\":100,\"height\":100,\"caption\":\"Ledercenter Slovenia\"},\"image\":{\"@id\":\"https:\\\/\\\/ledercenter.si\\\/hr\\\/#\\\/schema\\\/logo\\\/image\\\/\"}}]}<\/script>\n<!-- \/ Yoast SEO plugin. -->","yoast_head_json":{"title":"Notranja nega vozil - Ledercenter Slovenia","robots":{"index":"index","follow":"follow","max-snippet":"max-snippet:-1","max-image-preview":"max-image-preview:large","max-video-preview":"max-video-preview:-1"},"canonical":"https:\/\/ledercenter.si\/hr\/storitve\/notranja-nega-vozil\/","og_locale":"hr_HR","og_type":"article","og_title":"Notranja nega vozil - Ledercenter Slovenia","og_url":"https:\/\/ledercenter.si\/hr\/storitve\/notranja-nega-vozil\/","og_site_name":"Ledercenter Slovenia","article_modified_time":"2025-03-24T07:56:37+00:00","og_image":[{"width":1920,"height":1280,"url":"https:\/\/ledercenter.si\/wp-content\/uploads\/2021\/02\/notranje-ciscenje.jpg","type":"image\/jpeg"}],"twitter_card":"summary_large_image","schema":{"@context":"https:\/\/schema.org","@graph":[{"@type":"WebPage","@id":"https:\/\/ledercenter.si\/storitve\/notranja-nega-vozil\/","url":"https:\/\/ledercenter.si\/storitve\/notranja-nega-vozil\/","name":"Notranja nega vozil - Ledercenter Slovenia","isPartOf":{"@id":"https:\/\/ledercenter.si\/hr\/#website"},"primaryImageOfPage":{"@id":"https:\/\/ledercenter.si\/storitve\/notranja-nega-vozil\/#primaryimage"},"image":{"@id":"https:\/\/ledercenter.si\/storitve\/notranja-nega-vozil\/#primaryimage"},"thumbnailUrl":"https:\/\/ledercenter.si\/wp-content\/uploads\/2021\/02\/notranje-ciscenje.jpg","datePublished":"2021-05-17T05:52:39+00:00","dateModified":"2025-03-24T07:56:37+00:00","breadcrumb":{"@id":"https:\/\/ledercenter.si\/storitve\/notranja-nega-vozil\/#breadcrumb"},"inLanguage":"hr","potentialAction":[{"@type":"ReadAction","target":["https:\/\/ledercenter.si\/storitve\/notranja-nega-vozil\/"]}]},{"@type":"ImageObject","inLanguage":"hr","@id":"https:\/\/ledercenter.si\/storitve\/notranja-nega-vozil\/#primaryimage","url":"https:\/\/ledercenter.si\/wp-content\/uploads\/2021\/02\/notranje-ciscenje.jpg","contentUrl":"https:\/\/ledercenter.si\/wp-content\/uploads\/2021\/02\/notranje-ciscenje.jpg","width":1920,"height":1280},{"@type":"BreadcrumbList","@id":"https:\/\/ledercenter.si\/storitve\/notranja-nega-vozil\/#breadcrumb","itemListElement":[{"@type":"ListItem","position":1,"name":"Home","item":"https:\/\/ledercenter.si\/hr\/"},{"@type":"ListItem","position":2,"name":"Storitve","item":"https:\/\/ledercenter.si\/storitve\/"},{"@type":"ListItem","position":3,"name":"Notranja nega vozil"}]},{"@type":"WebSite","@id":"https:\/\/ledercenter.si\/hr\/#website","url":"https:\/\/ledercenter.si\/hr\/","name":"Centar za ko\u017eu Slovenija","description":"Strokovna nega in za\u0161\u010dita usnja za dolgotrajno brezhibnost in \u017eivljenjsko dobo usnja","publisher":{"@id":"https:\/\/ledercenter.si\/hr\/#organization"},"potentialAction":[{"@type":"SearchAction","target":{"@type":"EntryPoint","urlTemplate":"https:\/\/ledercenter.si\/hr\/?s={search_term_string}"},"query-input":{"@type":"PropertyValueSpecification","valueRequired":true,"valueName":"search_term_string"}}],"inLanguage":"hr"},{"@type":"Organization","@id":"https:\/\/ledercenter.si\/hr\/#organization","name":"Centar za ko\u017eu Slovenija","url":"https:\/\/ledercenter.si\/hr\/","logo":{"@type":"ImageObject","inLanguage":"hr","@id":"https:\/\/ledercenter.si\/hr\/#\/schema\/logo\/image\/","url":"https:\/\/ledercenter.si\/wp-content\/uploads\/2025\/08\/logo-pmv-2.svg","contentUrl":"https:\/\/ledercenter.si\/wp-content\/uploads\/2025\/08\/logo-pmv-2.svg","width":100,"height":100,"caption":"Ledercenter Slovenia"},"image":{"@id":"https:\/\/ledercenter.si\/hr\/#\/schema\/logo\/image\/"}}]}},"_links":{"self":[{"href":"https:\/\/ledercenter.si\/hr\/wp-json\/wp\/v2\/pages\/3890","targetHints":{"allow":["GET"]}}],"collection":[{"href":"https:\/\/ledercenter.si\/hr\/wp-json\/wp\/v2\/pages"}],"about":[{"href":"https:\/\/ledercenter.si\/hr\/wp-json\/wp\/v2\/types\/page"}],"author":[{"embeddable":true,"href":"https:\/\/ledercenter.si\/hr\/wp-json\/wp\/v2\/users\/2"}],"replies":[{"embeddable":true,"href":"https:\/\/ledercenter.si\/hr\/wp-json\/wp\/v2\/comments?post=3890"}],"version-history":[{"count":113,"href":"https:\/\/ledercenter.si\/hr\/wp-json\/wp\/v2\/pages\/3890\/revisions"}],"predecessor-version":[{"id":5508,"href":"https:\/\/ledercenter.si\/hr\/wp-json\/wp\/v2\/pages\/3890\/revisions\/5508"}],"up":[{"embeddable":true,"href":"https:\/\/ledercenter.si\/hr\/wp-json\/wp\/v2\/pages\/5462"}],"wp:featuredmedia":[{"embeddable":true,"href":"https:\/\/ledercenter.si\/hr\/wp-json\/wp\/v2\/media\/3697"}],"wp:attachment":[{"href":"https:\/\/ledercenter.si\/hr\/wp-json\/wp\/v2\/media?parent=3890"}],"curies":[{"name":"wp","href":"https:\/\/api.w.org\/{rel}","templated":true}]}}