{"id":4381,"date":"2021-06-16T08:07:23","date_gmt":"2021-06-16T08:07:23","guid":{"rendered":"https:\/\/www.ledercenter.si\/?page_id=4381"},"modified":"2021-06-16T08:11:13","modified_gmt":"2021-06-16T08:11:13","slug":"strojenje","status":"publish","type":"page","link":"https:\/\/ledercenter.si\/at\/leksikon\/strojenje\/","title":{"rendered":"Strojenje"},"content":{"rendered":"<p>[fusion_builder_container type=&#8221;flex&#8221; hundred_percent=&#8221;no&#8221; hundred_percent_height=&#8221;no&#8221; hundred_percent_height_scroll=&#8221;no&#8221; align_content=&#8221;stretch&#8221; flex_align_items=&#8221;flex-start&#8221; flex_justify_content=&#8221;flex-start&#8221; hundred_percent_height_center_content=&#8221;yes&#8221; equal_height_columns=&#8221;no&#8221; container_tag=&#8221;div&#8221; hide_on_mobile=&#8221;small-visibility,medium-visibility,large-visibility&#8221; status=&#8221;published&#8221; border_style=&#8221;solid&#8221; box_shadow=&#8221;no&#8221; box_shadow_blur=&#8221;0&#8243; box_shadow_spread=&#8221;0&#8243; gradient_start_position=&#8221;0&#8243; gradient_end_position=&#8221;100&#8243; gradient_type=&#8221;linear&#8221; radial_direction=&#8221;center center&#8221; linear_angle=&#8221;180&#8243; background_position=&#8221;center center&#8221; background_repeat=&#8221;no-repeat&#8221; fade=&#8221;no&#8221; background_parallax=&#8221;none&#8221; enable_mobile=&#8221;no&#8221; parallax_speed=&#8221;0.3&#8243; background_blend_mode=&#8221;none&#8221; video_aspect_ratio=&#8221;16:9&#8243; video_loop=&#8221;yes&#8221; video_mute=&#8221;yes&#8221; absolute=&#8221;off&#8221; absolute_devices=&#8221;small,medium,large&#8221; sticky=&#8221;off&#8221; sticky_devices=&#8221;small-visibility,medium-visibility,large-visibility&#8221; sticky_transition_offset=&#8221;0&#8243; scroll_offset=&#8221;0&#8243; animation_direction=&#8221;left&#8221; animation_speed=&#8221;0.3&#8243; filter_hue=&#8221;0&#8243; filter_saturation=&#8221;100&#8243; filter_brightness=&#8221;100&#8243; filter_contrast=&#8221;100&#8243; filter_invert=&#8221;0&#8243; filter_sepia=&#8221;0&#8243; filter_opacity=&#8221;100&#8243; filter_blur=&#8221;0&#8243; filter_hue_hover=&#8221;0&#8243; filter_saturation_hover=&#8221;100&#8243; filter_brightness_hover=&#8221;100&#8243; filter_contrast_hover=&#8221;100&#8243; filter_invert_hover=&#8221;0&#8243; filter_sepia_hover=&#8221;0&#8243; filter_opacity_hover=&#8221;100&#8243; filter_blur_hover=&#8221;0&#8243;][fusion_builder_row][fusion_builder_column type=&#8221;1_1&#8243; layout=&#8221;1_1&#8243; align_self=&#8221;auto&#8221; content_layout=&#8221;column&#8221; align_content=&#8221;flex-start&#8221; content_wrap=&#8221;wrap&#8221; spacing=&#8221;&#8221; center_content=&#8221;no&#8221; link=&#8221;&#8221; target=&#8221;_self&#8221; min_height=&#8221;&#8221; hide_on_mobile=&#8221;small-visibility,medium-visibility,large-visibility&#8221; sticky_display=&#8221;normal,sticky&#8221; class=&#8221;&#8221; id=&#8221;&#8221; type_medium=&#8221;&#8221; type_small=&#8221;&#8221; order_medium=&#8221;0&#8243; order_small=&#8221;0&#8243; dimension_spacing_medium=&#8221;&#8221; dimension_spacing_small=&#8221;&#8221; dimension_spacing=&#8221;&#8221; dimension_margin_medium=&#8221;&#8221; dimension_margin_small=&#8221;&#8221; margin_top=&#8221;&#8221; margin_bottom=&#8221;&#8221; padding_medium=&#8221;&#8221; padding_small=&#8221;&#8221; padding_top=&#8221;&#8221; padding_right=&#8221;&#8221; padding_bottom=&#8221;&#8221; padding_left=&#8221;&#8221; hover_type=&#8221;none&#8221; border_sizes=&#8221;&#8221; border_color=&#8221;&#8221; border_style=&#8221;solid&#8221; border_radius=&#8221;&#8221; box_shadow=&#8221;no&#8221; dimension_box_shadow=&#8221;&#8221; box_shadow_blur=&#8221;0&#8243; box_shadow_spread=&#8221;0&#8243; box_shadow_color=&#8221;&#8221; box_shadow_style=&#8221;&#8221; background_type=&#8221;single&#8221; gradient_start_color=&#8221;&#8221; gradient_end_color=&#8221;&#8221; gradient_start_position=&#8221;0&#8243; gradient_end_position=&#8221;100&#8243; gradient_type=&#8221;linear&#8221; radial_direction=&#8221;center center&#8221; linear_angle=&#8221;180&#8243; background_color=&#8221;&#8221; background_image=&#8221;&#8221; background_image_id=&#8221;&#8221; background_position=&#8221;left top&#8221; background_repeat=&#8221;no-repeat&#8221; background_blend_mode=&#8221;none&#8221; animation_type=&#8221;&#8221; animation_direction=&#8221;left&#8221; animation_speed=&#8221;0.3&#8243; animation_offset=&#8221;&#8221; filter_type=&#8221;regular&#8221; filter_hue=&#8221;0&#8243; filter_saturation=&#8221;100&#8243; filter_brightness=&#8221;100&#8243; filter_contrast=&#8221;100&#8243; filter_invert=&#8221;0&#8243; filter_sepia=&#8221;0&#8243; filter_opacity=&#8221;100&#8243; filter_blur=&#8221;0&#8243; filter_hue_hover=&#8221;0&#8243; filter_saturation_hover=&#8221;100&#8243; filter_brightness_hover=&#8221;100&#8243; filter_contrast_hover=&#8221;100&#8243; filter_invert_hover=&#8221;0&#8243; filter_sepia_hover=&#8221;0&#8243; filter_opacity_hover=&#8221;100&#8243; filter_blur_hover=&#8221;0&#8243; last=&#8221;true&#8221; border_position=&#8221;all&#8221; first=&#8221;true&#8221; type=&#8221;1_1&#8243;][fusion_text columns=&#8221;&#8221; column_min_width=&#8221;&#8221; column_spacing=&#8221;&#8221; rule_style=&#8221;default&#8221; rule_size=&#8221;&#8221; rule_color=&#8221;&#8221; font_size=&#8221;&#8221; line_height=&#8221;&#8221; letter_spacing=&#8221;&#8221; text_color=&#8221;&#8221; content_alignment_medium=&#8221;&#8221; content_alignment_small=&#8221;&#8221; content_alignment=&#8221;&#8221; animation_type=&#8221;&#8221; animation_direction=&#8221;left&#8221; animation_speed=&#8221;0.3&#8243; animation_offset=&#8221;&#8221; hide_on_mobile=&#8221;small-visibility,medium-visibility,large-visibility&#8221; sticky_display=&#8221;normal,sticky&#8221; class=&#8221;&#8221; id=&#8221;&#8221;]<\/p>\n<p>Strojarski oz usnjarski poklic je po poklicnem in obrtni\u0161kem zakonu priznan poklic s tremi leti \u0161olanja. Strojarji se nau\u010dijo obdelave surovih ko\u017e v usnje s pomo\u010djo ustreznega strojarskega postopka. Dejavni so tako v industrij in obrti, v predelovalni industriji in obratih za barvanje usnja.<\/p>\n<p>Osnova za poklic strojarja je praviloma dober uspeh v osnovni \u0161oli in zelo razvito tehni\u010dno razmi\u0161ljanje. Prakti\u010dno usposabljanje se izvaja v izobra\u017eevalnem obratu.<\/p>\n<p>Nadaljno izobra\u017eevanje je izobra\u017eevanj za dr\u017eavno potrjenega usnjarskega tehnika; lastniki zaklju\u010dnega izpita strokovne \u0161ole lahko nadaljujejo \u0161tudij usnjarskega in \u010devljarskega tehnika (diplomiran in\u017eenir).<\/p>\n<p>Do leta 2011 je igral Lederinstitut Gerberschule Reutlingen pomembno vlogo pri izobra\u017eevnju in strojarjev in ostalih z unjem povezanih poklicev. A zaradi manj\u0161ega povpra\u0161evanja in proizvodnje usnja v nem\u010diji se je zmanj\u0161ala tudi poteba po teh poklicih in \u0161olaje razglasila ste\u010daj. Ostal je samo\u00a0<a href=\"https:\/\/www.filkfreiberg.de\/de\/\">FILK (Forschungsinstitut f\u00fcr Leder und Kunststoffbahnen FILK)<\/a>, ki je prevzel del deh nalog.<\/p>\n<p>[\/fusion_text][fusion_text columns=&#8221;&#8221; column_min_width=&#8221;&#8221; column_spacing=&#8221;&#8221; rule_style=&#8221;default&#8221; rule_size=&#8221;&#8221; rule_color=&#8221;&#8221; font_size=&#8221;&#8221; line_height=&#8221;&#8221; letter_spacing=&#8221;&#8221; text_color=&#8221;&#8221; content_alignment_medium=&#8221;&#8221; content_alignment_small=&#8221;&#8221; content_alignment=&#8221;&#8221; animation_type=&#8221;&#8221; animation_direction=&#8221;left&#8221; animation_speed=&#8221;0.3&#8243; animation_offset=&#8221;&#8221; hide_on_mobile=&#8221;small-visibility,medium-visibility,large-visibility&#8221; sticky_display=&#8221;normal,sticky&#8221; class=&#8221;&#8221; id=&#8221;&#8221;]<\/p>\n<table style=\"border-collapse: collapse; width: 100%;\">\n<tbody>\n<tr>\n<td style=\"width: 30%;\"><img fetchpriority=\"high\" decoding=\"async\" class=\"alignleft size-full wp-image-4384\" src=\"https:\/\/www.ledercenter.si\/wp-content\/uploads\/2021\/02\/250px-Gerber1568.jpg\" alt=\"\" width=\"250\" height=\"326\" srcset=\"https:\/\/ledercenter.si\/wp-content\/uploads\/2021\/02\/250px-Gerber1568.jpg 250w, https:\/\/ledercenter.si\/wp-content\/uploads\/2021\/02\/250px-Gerber1568-230x300.jpg 230w, https:\/\/ledercenter.si\/wp-content\/uploads\/2021\/02\/250px-Gerber1568-200x261.jpg 200w\" sizes=\"(max-width: 250px) 100vw, 250px\" \/><\/td>\n<td style=\"width: 70%;\">Predstavitev Usnjarske obrti v letu 1568. Podnaslov: &#8220;Ko\u017eo obesm v potok, jo potem vr\u017em v pepel, prav tko tud jagnje usnje, ter nato v luknjo. Tm po\u010diva in jo nato obesm na \u0161tange, obri\u0161em z lasmi in imam ko\u017eo na mizi&#8221;. Vir: Eyangelisti\u010dni opis vseh Stanov na zemlji, ni\u017eji in vi\u0161ji, svetniki, svetovljani, vseh umetnosti, obrti in trgovine&#8230;&#8221; \/ Jost Amman in Hans Sachs, Frankfurt am Main, 1568.<\/td>\n<\/tr>\n<\/tbody>\n<\/table>\n<p>[\/fusion_text][\/fusion_builder_column][\/fusion_builder_row][\/fusion_builder_container]<\/p>\n","protected":false},"excerpt":{"rendered":"<p>[fusion_builder_container type=&#8221;flex&#8221; hundred_percent=&#8221;no&#8221; hundred_percent_height=&#8221;no&#8221; hundred_percent_height_scroll=&#8221;no&#8221; align_content=&#8221;stretch&#8221; flex_align_items=&#8221;flex-start&#8221; flex_justify_content=&#8221;flex-start&#8221; hundred_percent_height_center_content=&#8221;yes&#8221; equal_height_columns=&#8221;no&#8221; container_tag=&#8221;div&#8221; hide_on_mobile=&#8221;small-visibility,medium-visibility,large-visibility&#8221; status=&#8221;published&#8221; border_style=&#8221;solid&#8221; box_shadow=&#8221;no&#8221; box_shadow_blur=&#8221;0&#8243; box_shadow_spread=&#8221;0&#8243; gradient_start_position=&#8221;0&#8243; gradient_end_position=&#8221;100&#8243; gradient_type=&#8221;linear&#8221; radial_direction=&#8221;center center&#8221; linear_angle=&#8221;180&#8243; background_position=&#8221;center center&#8221; background_repeat=&#8221;no-repeat&#8221; fade=&#8221;no&#8221; background_parallax=&#8221;none&#8221; enable_mobile=&#8221;no&#8221; parallax_speed=&#8221;0.3&#8243; background_blend_mode=&#8221;none&#8221; video_aspect_ratio=&#8221;16:9&#8243; video_loop=&#8221;yes&#8221; video_mute=&#8221;yes&#8221; absolute=&#8221;off&#8221; absolute_devices=&#8221;small,medium,large&#8221; sticky=&#8221;off&#8221; sticky_devices=&#8221;small-visibility,medium-visibility,large-visibility&#8221; sticky_transition_offset=&#8221;0&#8243; scroll_offset=&#8221;0&#8243; animation_direction=&#8221;left&#8221; animation_speed=&#8221;0.3&#8243; filter_hue=&#8221;0&#8243; filter_saturation=&#8221;100&#8243; filter_brightness=&#8221;100&#8243; filter_contrast=&#8221;100&#8243; filter_invert=&#8221;0&#8243; filter_sepia=&#8221;0&#8243; filter_opacity=&#8221;100&#8243; filter_blur=&#8221;0&#8243; filter_hue_hover=&#8221;0&#8243; filter_saturation_hover=&#8221;100&#8243; filter_brightness_hover=&#8221;100&#8243; filter_contrast_hover=&#8221;100&#8243; filter_invert_hover=&#8221;0&#8243;&#8230;<\/p>","protected":false},"author":2,"featured_media":3558,"parent":4057,"menu_order":0,"comment_status":"closed","ping_status":"closed","template":"","meta":{"_acf_changed":false,"inline_featured_image":false,"_bst_post_transparent":"","_bst_post_title":"","_bst_post_layout":"","_bst_post_sidebar_id":"","_bst_post_content_style":"","_bst_post_vertical_padding":"","_bst_post_feature":"","_bst_post_feature_position":"","_bst_post_header":false,"_bst_post_footer":false,"footnotes":""},"class_list":["post-4381","page","type-page","status-publish","has-post-thumbnail","hentry"],"acf":[],"yoast_head":"<!-- This site is optimized with the Yoast SEO plugin v27.5 - https:\/\/yoast.com\/product\/yoast-seo-wordpress\/ -->\n<title>Strojenje - Ledercenter Slovenia<\/title>\n<meta name=\"robots\" content=\"index, follow, max-snippet:-1, max-image-preview:large, max-video-preview:-1\" \/>\n<link rel=\"canonical\" href=\"https:\/\/ledercenter.si\/at\/leksikon\/strojenje\/\" \/>\n<meta property=\"og:locale\" content=\"de_DE\" \/>\n<meta property=\"og:type\" content=\"article\" \/>\n<meta property=\"og:title\" content=\"Strojenje - Ledercenter Slovenia\" \/>\n<meta property=\"og:description\" content=\"[fusion_builder_container type=&#8221;flex&#8221; hundred_percent=&#8221;no&#8221; hundred_percent_height=&#8221;no&#8221; hundred_percent_height_scroll=&#8221;no&#8221; align_content=&#8221;stretch&#8221; flex_align_items=&#8221;flex-start&#8221; flex_justify_content=&#8221;flex-start&#8221; hundred_percent_height_center_content=&#8221;yes&#8221; equal_height_columns=&#8221;no&#8221; container_tag=&#8221;div&#8221; hide_on_mobile=&#8221;small-visibility,medium-visibility,large-visibility&#8221; status=&#8221;published&#8221; border_style=&#8221;solid&#8221; box_shadow=&#8221;no&#8221; box_shadow_blur=&#8221;0&#8243; box_shadow_spread=&#8221;0&#8243; gradient_start_position=&#8221;0&#8243; gradient_end_position=&#8221;100&#8243; gradient_type=&#8221;linear&#8221; radial_direction=&#8221;center center&#8221; linear_angle=&#8221;180&#8243; background_position=&#8221;center center&#8221; background_repeat=&#8221;no-repeat&#8221; fade=&#8221;no&#8221; background_parallax=&#8221;none&#8221; enable_mobile=&#8221;no&#8221; parallax_speed=&#8221;0.3&#8243; background_blend_mode=&#8221;none&#8221; video_aspect_ratio=&#8221;16:9&#8243; video_loop=&#8221;yes&#8221; video_mute=&#8221;yes&#8221; absolute=&#8221;off&#8221; absolute_devices=&#8221;small,medium,large&#8221; sticky=&#8221;off&#8221; sticky_devices=&#8221;small-visibility,medium-visibility,large-visibility&#8221; sticky_transition_offset=&#8221;0&#8243; scroll_offset=&#8221;0&#8243; animation_direction=&#8221;left&#8221; animation_speed=&#8221;0.3&#8243; filter_hue=&#8221;0&#8243; filter_saturation=&#8221;100&#8243; filter_brightness=&#8221;100&#8243; filter_contrast=&#8221;100&#8243; filter_invert=&#8221;0&#8243; filter_sepia=&#8221;0&#8243; filter_opacity=&#8221;100&#8243; filter_blur=&#8221;0&#8243; filter_hue_hover=&#8221;0&#8243; filter_saturation_hover=&#8221;100&#8243; filter_brightness_hover=&#8221;100&#8243; filter_contrast_hover=&#8221;100&#8243; filter_invert_hover=&#8221;0&#8243;...\" \/>\n<meta property=\"og:url\" content=\"https:\/\/ledercenter.si\/at\/leksikon\/strojenje\/\" \/>\n<meta property=\"og:site_name\" content=\"Ledercenter Slovenia\" \/>\n<meta property=\"article:modified_time\" content=\"2021-06-16T08:11:13+00:00\" \/>\n<meta property=\"og:image\" content=\"https:\/\/ledercenter.si\/wp-content\/uploads\/2021\/02\/nega-usnja-pmv-maribor.jpg\" \/>\n\t<meta property=\"og:image:width\" content=\"1338\" \/>\n\t<meta property=\"og:image:height\" content=\"852\" \/>\n\t<meta property=\"og:image:type\" content=\"image\/jpeg\" \/>\n<meta name=\"twitter:card\" content=\"summary_large_image\" \/>\n<meta name=\"twitter:label1\" content=\"Gesch\u00e4tzte Lesezeit\" \/>\n\t<meta name=\"twitter:data1\" content=\"4 Minuten\" \/>\n<script type=\"application\/ld+json\" class=\"yoast-schema-graph\">{\"@context\":\"https:\\\/\\\/schema.org\",\"@graph\":[{\"@type\":\"WebPage\",\"@id\":\"https:\\\/\\\/ledercenter.si\\\/en\\\/leksikon\\\/strojenje\\\/\",\"url\":\"https:\\\/\\\/ledercenter.si\\\/en\\\/leksikon\\\/strojenje\\\/\",\"name\":\"Strojenje - Ledercenter Slovenia\",\"isPartOf\":{\"@id\":\"https:\\\/\\\/ledercenter.si\\\/hr\\\/#website\"},\"primaryImageOfPage\":{\"@id\":\"https:\\\/\\\/ledercenter.si\\\/en\\\/leksikon\\\/strojenje\\\/#primaryimage\"},\"image\":{\"@id\":\"https:\\\/\\\/ledercenter.si\\\/en\\\/leksikon\\\/strojenje\\\/#primaryimage\"},\"thumbnailUrl\":\"https:\\\/\\\/ledercenter.si\\\/wp-content\\\/uploads\\\/2021\\\/02\\\/nega-usnja-pmv-maribor.jpg\",\"datePublished\":\"2021-06-16T08:07:23+00:00\",\"dateModified\":\"2021-06-16T08:11:13+00:00\",\"breadcrumb\":{\"@id\":\"https:\\\/\\\/ledercenter.si\\\/en\\\/leksikon\\\/strojenje\\\/#breadcrumb\"},\"inLanguage\":\"de-AT\",\"potentialAction\":[{\"@type\":\"ReadAction\",\"target\":[\"https:\\\/\\\/ledercenter.si\\\/en\\\/leksikon\\\/strojenje\\\/\"]}]},{\"@type\":\"ImageObject\",\"inLanguage\":\"de-AT\",\"@id\":\"https:\\\/\\\/ledercenter.si\\\/en\\\/leksikon\\\/strojenje\\\/#primaryimage\",\"url\":\"https:\\\/\\\/ledercenter.si\\\/wp-content\\\/uploads\\\/2021\\\/02\\\/nega-usnja-pmv-maribor.jpg\",\"contentUrl\":\"https:\\\/\\\/ledercenter.si\\\/wp-content\\\/uploads\\\/2021\\\/02\\\/nega-usnja-pmv-maribor.jpg\",\"width\":1338,\"height\":852},{\"@type\":\"BreadcrumbList\",\"@id\":\"https:\\\/\\\/ledercenter.si\\\/en\\\/leksikon\\\/strojenje\\\/#breadcrumb\",\"itemListElement\":[{\"@type\":\"ListItem\",\"position\":1,\"name\":\"Home\",\"item\":\"https:\\\/\\\/ledercenter.si\\\/hr\\\/\"},{\"@type\":\"ListItem\",\"position\":2,\"name\":\"Leksikon\",\"item\":\"https:\\\/\\\/ledercenter.si\\\/leksikon\\\/\"},{\"@type\":\"ListItem\",\"position\":3,\"name\":\"Strojenje\"}]},{\"@type\":\"WebSite\",\"@id\":\"https:\\\/\\\/ledercenter.si\\\/hr\\\/#website\",\"url\":\"https:\\\/\\\/ledercenter.si\\\/hr\\\/\",\"name\":\"Ledercenter Slovenia\",\"description\":\"Strokovna nega in za\u0161\u010dita usnja za dolgotrajno brezhibnost in \u017eivljenjsko dobo usnja\",\"publisher\":{\"@id\":\"https:\\\/\\\/ledercenter.si\\\/hr\\\/#organization\"},\"potentialAction\":[{\"@type\":\"SearchAction\",\"target\":{\"@type\":\"EntryPoint\",\"urlTemplate\":\"https:\\\/\\\/ledercenter.si\\\/hr\\\/?s={search_term_string}\"},\"query-input\":{\"@type\":\"PropertyValueSpecification\",\"valueRequired\":true,\"valueName\":\"search_term_string\"}}],\"inLanguage\":\"de-AT\"},{\"@type\":\"Organization\",\"@id\":\"https:\\\/\\\/ledercenter.si\\\/hr\\\/#organization\",\"name\":\"Ledercenter Slovenia\",\"url\":\"https:\\\/\\\/ledercenter.si\\\/hr\\\/\",\"logo\":{\"@type\":\"ImageObject\",\"inLanguage\":\"de-AT\",\"@id\":\"https:\\\/\\\/ledercenter.si\\\/hr\\\/#\\\/schema\\\/logo\\\/image\\\/\",\"url\":\"https:\\\/\\\/ledercenter.si\\\/wp-content\\\/uploads\\\/2025\\\/08\\\/logo-pmv-2.svg\",\"contentUrl\":\"https:\\\/\\\/ledercenter.si\\\/wp-content\\\/uploads\\\/2025\\\/08\\\/logo-pmv-2.svg\",\"width\":100,\"height\":100,\"caption\":\"Ledercenter Slovenia\"},\"image\":{\"@id\":\"https:\\\/\\\/ledercenter.si\\\/hr\\\/#\\\/schema\\\/logo\\\/image\\\/\"}}]}<\/script>\n<!-- \/ Yoast SEO plugin. -->","yoast_head_json":{"title":"Strojenje - Ledercenter Slovenia","robots":{"index":"index","follow":"follow","max-snippet":"max-snippet:-1","max-image-preview":"max-image-preview:large","max-video-preview":"max-video-preview:-1"},"canonical":"https:\/\/ledercenter.si\/at\/leksikon\/strojenje\/","og_locale":"de_DE","og_type":"article","og_title":"Strojenje - Ledercenter Slovenia","og_description":"[fusion_builder_container type=&#8221;flex&#8221; hundred_percent=&#8221;no&#8221; hundred_percent_height=&#8221;no&#8221; hundred_percent_height_scroll=&#8221;no&#8221; align_content=&#8221;stretch&#8221; flex_align_items=&#8221;flex-start&#8221; flex_justify_content=&#8221;flex-start&#8221; hundred_percent_height_center_content=&#8221;yes&#8221; equal_height_columns=&#8221;no&#8221; container_tag=&#8221;div&#8221; hide_on_mobile=&#8221;small-visibility,medium-visibility,large-visibility&#8221; status=&#8221;published&#8221; border_style=&#8221;solid&#8221; box_shadow=&#8221;no&#8221; box_shadow_blur=&#8221;0&#8243; box_shadow_spread=&#8221;0&#8243; gradient_start_position=&#8221;0&#8243; gradient_end_position=&#8221;100&#8243; gradient_type=&#8221;linear&#8221; radial_direction=&#8221;center center&#8221; linear_angle=&#8221;180&#8243; background_position=&#8221;center center&#8221; background_repeat=&#8221;no-repeat&#8221; fade=&#8221;no&#8221; background_parallax=&#8221;none&#8221; enable_mobile=&#8221;no&#8221; parallax_speed=&#8221;0.3&#8243; background_blend_mode=&#8221;none&#8221; video_aspect_ratio=&#8221;16:9&#8243; video_loop=&#8221;yes&#8221; video_mute=&#8221;yes&#8221; absolute=&#8221;off&#8221; absolute_devices=&#8221;small,medium,large&#8221; sticky=&#8221;off&#8221; sticky_devices=&#8221;small-visibility,medium-visibility,large-visibility&#8221; sticky_transition_offset=&#8221;0&#8243; scroll_offset=&#8221;0&#8243; animation_direction=&#8221;left&#8221; animation_speed=&#8221;0.3&#8243; filter_hue=&#8221;0&#8243; filter_saturation=&#8221;100&#8243; filter_brightness=&#8221;100&#8243; filter_contrast=&#8221;100&#8243; filter_invert=&#8221;0&#8243; filter_sepia=&#8221;0&#8243; filter_opacity=&#8221;100&#8243; filter_blur=&#8221;0&#8243; filter_hue_hover=&#8221;0&#8243; filter_saturation_hover=&#8221;100&#8243; filter_brightness_hover=&#8221;100&#8243; filter_contrast_hover=&#8221;100&#8243; filter_invert_hover=&#8221;0&#8243;...","og_url":"https:\/\/ledercenter.si\/at\/leksikon\/strojenje\/","og_site_name":"Ledercenter Slovenia","article_modified_time":"2021-06-16T08:11:13+00:00","og_image":[{"width":1338,"height":852,"url":"https:\/\/ledercenter.si\/wp-content\/uploads\/2021\/02\/nega-usnja-pmv-maribor.jpg","type":"image\/jpeg"}],"twitter_card":"summary_large_image","twitter_misc":{"Gesch\u00e4tzte Lesezeit":"4 Minuten"},"schema":{"@context":"https:\/\/schema.org","@graph":[{"@type":"WebPage","@id":"https:\/\/ledercenter.si\/en\/leksikon\/strojenje\/","url":"https:\/\/ledercenter.si\/en\/leksikon\/strojenje\/","name":"Strojenje - Ledercenter Slovenia","isPartOf":{"@id":"https:\/\/ledercenter.si\/hr\/#website"},"primaryImageOfPage":{"@id":"https:\/\/ledercenter.si\/en\/leksikon\/strojenje\/#primaryimage"},"image":{"@id":"https:\/\/ledercenter.si\/en\/leksikon\/strojenje\/#primaryimage"},"thumbnailUrl":"https:\/\/ledercenter.si\/wp-content\/uploads\/2021\/02\/nega-usnja-pmv-maribor.jpg","datePublished":"2021-06-16T08:07:23+00:00","dateModified":"2021-06-16T08:11:13+00:00","breadcrumb":{"@id":"https:\/\/ledercenter.si\/en\/leksikon\/strojenje\/#breadcrumb"},"inLanguage":"de-AT","potentialAction":[{"@type":"ReadAction","target":["https:\/\/ledercenter.si\/en\/leksikon\/strojenje\/"]}]},{"@type":"ImageObject","inLanguage":"de-AT","@id":"https:\/\/ledercenter.si\/en\/leksikon\/strojenje\/#primaryimage","url":"https:\/\/ledercenter.si\/wp-content\/uploads\/2021\/02\/nega-usnja-pmv-maribor.jpg","contentUrl":"https:\/\/ledercenter.si\/wp-content\/uploads\/2021\/02\/nega-usnja-pmv-maribor.jpg","width":1338,"height":852},{"@type":"BreadcrumbList","@id":"https:\/\/ledercenter.si\/en\/leksikon\/strojenje\/#breadcrumb","itemListElement":[{"@type":"ListItem","position":1,"name":"Home","item":"https:\/\/ledercenter.si\/hr\/"},{"@type":"ListItem","position":2,"name":"Leksikon","item":"https:\/\/ledercenter.si\/leksikon\/"},{"@type":"ListItem","position":3,"name":"Strojenje"}]},{"@type":"WebSite","@id":"https:\/\/ledercenter.si\/hr\/#website","url":"https:\/\/ledercenter.si\/hr\/","name":"Ledercenter Slowenien","description":"Strokovna nega in za\u0161\u010dita usnja za dolgotrajno brezhibnost in \u017eivljenjsko dobo usnja","publisher":{"@id":"https:\/\/ledercenter.si\/hr\/#organization"},"potentialAction":[{"@type":"SearchAction","target":{"@type":"EntryPoint","urlTemplate":"https:\/\/ledercenter.si\/hr\/?s={search_term_string}"},"query-input":{"@type":"PropertyValueSpecification","valueRequired":true,"valueName":"search_term_string"}}],"inLanguage":"de-AT"},{"@type":"Organization","@id":"https:\/\/ledercenter.si\/hr\/#organization","name":"Ledercenter Slowenien","url":"https:\/\/ledercenter.si\/hr\/","logo":{"@type":"ImageObject","inLanguage":"de-AT","@id":"https:\/\/ledercenter.si\/hr\/#\/schema\/logo\/image\/","url":"https:\/\/ledercenter.si\/wp-content\/uploads\/2025\/08\/logo-pmv-2.svg","contentUrl":"https:\/\/ledercenter.si\/wp-content\/uploads\/2025\/08\/logo-pmv-2.svg","width":100,"height":100,"caption":"Ledercenter Slovenia"},"image":{"@id":"https:\/\/ledercenter.si\/hr\/#\/schema\/logo\/image\/"}}]}},"_links":{"self":[{"href":"https:\/\/ledercenter.si\/at\/wp-json\/wp\/v2\/pages\/4381","targetHints":{"allow":["GET"]}}],"collection":[{"href":"https:\/\/ledercenter.si\/at\/wp-json\/wp\/v2\/pages"}],"about":[{"href":"https:\/\/ledercenter.si\/at\/wp-json\/wp\/v2\/types\/page"}],"author":[{"embeddable":true,"href":"https:\/\/ledercenter.si\/at\/wp-json\/wp\/v2\/users\/2"}],"replies":[{"embeddable":true,"href":"https:\/\/ledercenter.si\/at\/wp-json\/wp\/v2\/comments?post=4381"}],"version-history":[{"count":3,"href":"https:\/\/ledercenter.si\/at\/wp-json\/wp\/v2\/pages\/4381\/revisions"}],"predecessor-version":[{"id":4386,"href":"https:\/\/ledercenter.si\/at\/wp-json\/wp\/v2\/pages\/4381\/revisions\/4386"}],"up":[{"embeddable":true,"href":"https:\/\/ledercenter.si\/at\/wp-json\/wp\/v2\/pages\/4057"}],"wp:featuredmedia":[{"embeddable":true,"href":"https:\/\/ledercenter.si\/at\/wp-json\/wp\/v2\/media\/3558"}],"wp:attachment":[{"href":"https:\/\/ledercenter.si\/at\/wp-json\/wp\/v2\/media?parent=4381"}],"curies":[{"name":"wp","href":"https:\/\/api.w.org\/{rel}","templated":true}]}}